{"id":215,"date":"2019-05-30T15:03:16","date_gmt":"2019-05-30T15:03:16","guid":{"rendered":"http:\/\/lamainheureuse.fr\/?page_id=215"},"modified":"2019-06-03T09:18:16","modified_gmt":"2019-06-03T09:18:16","slug":"temoignages","status":"publish","type":"page","link":"https:\/\/lamainheureuse.fr\/?page_id=215","title":{"rendered":"T\u00e9moignages"},"content":{"rendered":"\n<h3 class=\"wp-block-heading\">\u00ab Massage super-agr\u00e9able avec une relaxation imm\u00e9diate. Le format massage rapide est g\u00e9nial et la chaise tr\u00e8s confortable. \u00bb<\/h3>\n\n\n\n<p><strong>C\u00e9line, 43 ans, massage sur chaise ergonomique<\/strong><\/p>\n\n\n\n<p><\/p>\n\n\n\n<h3 class=\"wp-block-heading\">\u00ab Des man\u0153uvres cr\u00e9atives et toujours autant d\u2019\u00e9coute du corps. Il s\u2019en est fallu de peu que je m\u2019endorme ! Merci. \u00bb<\/h3>\n\n\n\n<p><strong>Val\u00e9rie, 48 ans, relaxin\u00e9sie<\/strong><sup><strong>\u00ae<\/strong><\/sup><strong> sur table<\/strong><\/p>\n\n\n\n<p><\/p>\n\n\n\n<h3 class=\"wp-block-heading\">\u00ab Tr\u00e8s relaxant, mes tensions du haut du dos ont bien diminu\u00e9. \u00bb<\/h3>\n\n\n\n<p><strong>Moussa, 43 ans, massage complet \u00e0 l\u2019huile<\/strong><\/p>\n\n\n\n<p><\/p>\n\n\n\n<h3 class=\"wp-block-heading\">\u00ab&nbsp;Je me sens mieux apr\u00e8s les s\u00e9ances, \u00e7a fait du bien, je dors mieux, je me d\u00e9tends. \u00c7a fait du bien que des gens viennent, pas pour des soins.&nbsp;\u00bb<\/h3>\n\n\n\n<p><strong>L. 19 ans, hospitalis\u00e9e, toucher-massage\u00ae sur lit m\u00e9dicalis\u00e9<\/strong><\/p>\n\n\n\n<p><\/p>\n\n\n\n<h3 class=\"wp-block-heading\">\u00ab&nbsp;Massage aux huiles essentielles super pour terminer par un massage de la t\u00eate. Toujours aussi b\u00e9n\u00e9fique.&nbsp;\u00bb<\/h3>\n\n\n\n<p><strong>Michel, 62 ans, massage du dos \u00e0 l\u2019huile<\/strong>  <\/p>\n\n\n\n<p><\/p>\n\n\n","protected":false},"excerpt":{"rendered":"<p>\u00ab Massage super-agr\u00e9able avec une relaxation imm\u00e9diate. Le format massage rapide est g\u00e9nial et la chaise tr\u00e8s confortable. \u00bb C\u00e9line, 43 ans, massage sur chaise ergonomique \u00ab Des man\u0153uvres cr\u00e9atives et toujours autant d\u2019\u00e9coute du corps. Il s\u2019en est fallu de peu que je m\u2019endorme ! Merci. \u00bb Val\u00e9rie, 48 ans, relaxin\u00e9sie\u00ae sur table \u00ab &hellip; <\/p>\n<p class=\"link-more\"><a href=\"https:\/\/lamainheureuse.fr\/?page_id=215\" class=\"more-link\">Continue reading<span class=\"screen-reader-text\"> &#8220;T\u00e9moignages&#8221;<\/span><\/a><\/p>\n","protected":false},"author":1,"featured_media":0,"parent":0,"menu_order":0,"comment_status":"closed","ping_status":"closed","template":"","meta":{"footnotes":""},"_links":{"self":[{"href":"https:\/\/lamainheureuse.fr\/index.php?rest_route=\/wp\/v2\/pages\/215"}],"collection":[{"href":"https:\/\/lamainheureuse.fr\/index.php?rest_route=\/wp\/v2\/pages"}],"about":[{"href":"https:\/\/lamainheureuse.fr\/index.php?rest_route=\/wp\/v2\/types\/page"}],"author":[{"embeddable":true,"href":"https:\/\/lamainheureuse.fr\/index.php?rest_route=\/wp\/v2\/users\/1"}],"replies":[{"embeddable":true,"href":"https:\/\/lamainheureuse.fr\/index.php?rest_route=%2Fwp%2Fv2%2Fcomments&post=215"}],"version-history":[{"count":6,"href":"https:\/\/lamainheureuse.fr\/index.php?rest_route=\/wp\/v2\/pages\/215\/revisions"}],"predecessor-version":[{"id":237,"href":"https:\/\/lamainheureuse.fr\/index.php?rest_route=\/wp\/v2\/pages\/215\/revisions\/237"}],"wp:attachment":[{"href":"https:\/\/lamainheureuse.fr\/index.php?rest_route=%2Fwp%2Fv2%2Fmedia&parent=215"}],"curies":[{"name":"wp","href":"https:\/\/api.w.org\/{rel}","templated":true}]}}