{"id":32,"date":"2019-05-07T18:24:36","date_gmt":"2019-05-07T18:24:36","guid":{"rendered":"http:\/\/s781847655.onlinehome.fr\/?page_id=32"},"modified":"2026-02-24T09:24:07","modified_gmt":"2026-02-24T09:24:07","slug":"histoire-dun-chemin","status":"publish","type":"page","link":"https:\/\/lamainheureuse.fr\/?page_id=32","title":{"rendered":"Histoire d&#8217;un chemin"},"content":{"rendered":"\n<figure class=\"wp-block-image\"><img loading=\"lazy\" decoding=\"async\" width=\"768\" height=\"549\" src=\"https:\/\/lamainheureuse.fr\/wp-content\/uploads\/2019\/05\/lamainheureusegraphic-horizontale.jpg\" alt=\"\" class=\"wp-image-165\" srcset=\"https:\/\/lamainheureuse.fr\/wp-content\/uploads\/2019\/05\/lamainheureusegraphic-horizontale.jpg 768w, https:\/\/lamainheureuse.fr\/wp-content\/uploads\/2019\/05\/lamainheureusegraphic-horizontale-300x214.jpg 300w\" sizes=\"(max-width: 706px) 89vw, (max-width: 767px) 82vw, 740px\" \/><\/figure>\n\n\n\n<p>Les gens me \u00ab touchent \u00bb. Les toucher avec respect et bienveillance est ma fa\u00e7on de leur t\u00e9moigner toute la tendresse qu\u2019ils m\u2019inspirent, en leur proposant un moment de bien-\u00eatre partag\u00e9. <\/p>\n\n\n\n<h4 class=\"wp-block-heading\">Beaux savoirs<\/h4>\n\n\n\n<p>Ma passion pour les plantes m\u00e9dicinales m\u2019am\u00e8ne \u00e0 suivre une formation de 3 ans \u00e0 l\u2019\u00c9cole des Plantes de Paris, dont j&#8217;ai obtenu le dipl\u00f4me sup\u00e9rieur, avec la qualification d\u2019herboriste. Je me forme notamment \u00e0 l&#8217;aromath\u00e9rapie et d\u00e9couvre ses riches bienfaits.<\/p>\n\n\n\n<p>Le chemin se dessine : prendre soin des autres et mettre mes comp\u00e9tences \u00e0 leur service. Mais comment ?<\/p>\n\n\n\n<p>\u00c0 l&#8217;institut de formation Jo\u00ebl Savatovski (IFJS), je me forme au massage de la personne fragilis\u00e9e pour ancrer mes savoirs dans une pratique manuelle, dans laquelle je d\u00e9couvre que je me sens \u00e0 ma juste place. Toucher, \u00eatre touch\u00e9e, l\u00e0 commen\u00e7ait le voyage. <br>Je compl\u00e8te ma formation en Belgique pour apprendre \u00e0 masser les personnes atteintes de cancer et gravement malades (Mes mains pour toi, Wavre).<\/p>\n\n\n\n<p>En me formant \u00e0 la r\u00e9flexologie plantaire et palmaire, j&#8217;approfondis et personnalise mes soins dans une dimension plus th\u00e9rapeutique. <br>Avec l&#8217;IFJS, L&#8217;Arbre qui marche de Gwenn Libouban et Paolo Malvarosa, et le Centre de formation Mireille Meunier, j&#8217;acquiers de nouvelles comp\u00e9tences : une lecture plus fine du pied selon l&#8217;\u00e9nerg\u00e9tique chinoise, des protocoles adapt\u00e9s aux personnes atteintes de cancer.<br><\/p>\n\n\n\n<h4 class=\"wp-block-heading\">Intention et attentions<\/h4>\n\n\n\n<p>Mon histoire personnelle m\u2019a rendue particuli\u00e8rement sensible aux personnes fragilis\u00e9es par la maladie, le grand \u00e2ge, le handicap ou par des conditions de travail stressantes. Un beau sourire \u00e0 la fin d\u2019une s\u00e9ance est ma plus belle r\u00e9compense !<\/p>\n","protected":false},"excerpt":{"rendered":"<p>Les gens me \u00ab touchent \u00bb. Les toucher avec respect et bienveillance est ma fa\u00e7on de leur t\u00e9moigner toute la tendresse qu\u2019ils m\u2019inspirent, en leur proposant un moment de bien-\u00eatre partag\u00e9. Beaux savoirs Ma passion pour les plantes m\u00e9dicinales m\u2019am\u00e8ne \u00e0 suivre une formation de 3 ans \u00e0 l\u2019\u00c9cole des Plantes de Paris, dont j&#8217;ai &hellip; <\/p>\n<p class=\"link-more\"><a href=\"https:\/\/lamainheureuse.fr\/?page_id=32\" class=\"more-link\">Continue reading<span class=\"screen-reader-text\"> &#8220;Histoire d&#8217;un chemin&#8221;<\/span><\/a><\/p>\n","protected":false},"author":1,"featured_media":0,"parent":0,"menu_order":0,"comment_status":"closed","ping_status":"closed","template":"","meta":{"footnotes":""},"_links":{"self":[{"href":"https:\/\/lamainheureuse.fr\/index.php?rest_route=\/wp\/v2\/pages\/32"}],"collection":[{"href":"https:\/\/lamainheureuse.fr\/index.php?rest_route=\/wp\/v2\/pages"}],"about":[{"href":"https:\/\/lamainheureuse.fr\/index.php?rest_route=\/wp\/v2\/types\/page"}],"author":[{"embeddable":true,"href":"https:\/\/lamainheureuse.fr\/index.php?rest_route=\/wp\/v2\/users\/1"}],"replies":[{"embeddable":true,"href":"https:\/\/lamainheureuse.fr\/index.php?rest_route=%2Fwp%2Fv2%2Fcomments&post=32"}],"version-history":[{"count":17,"href":"https:\/\/lamainheureuse.fr\/index.php?rest_route=\/wp\/v2\/pages\/32\/revisions"}],"predecessor-version":[{"id":377,"href":"https:\/\/lamainheureuse.fr\/index.php?rest_route=\/wp\/v2\/pages\/32\/revisions\/377"}],"wp:attachment":[{"href":"https:\/\/lamainheureuse.fr\/index.php?rest_route=%2Fwp%2Fv2%2Fmedia&parent=32"}],"curies":[{"name":"wp","href":"https:\/\/api.w.org\/{rel}","templated":true}]}}