{"id":34,"date":"2019-05-07T18:24:55","date_gmt":"2019-05-07T18:24:55","guid":{"rendered":"http:\/\/s781847655.onlinehome.fr\/?page_id=34"},"modified":"2026-02-24T09:25:08","modified_gmt":"2026-02-24T09:25:08","slug":"au-coeur-du-soin","status":"publish","type":"page","link":"https:\/\/lamainheureuse.fr\/?page_id=34","title":{"rendered":"Etablissements de sant\u00e9"},"content":{"rendered":"\n<p>Le bien-\u00eatre au c\u0153ur du soin<\/p>\n\n\n\n<figure class=\"wp-block-image\"><img loading=\"lazy\" decoding=\"async\" width=\"1024\" height=\"473\" src=\"https:\/\/lamainheureuse.fr\/wp-content\/uploads\/2019\/05\/nuages_recadree-1024x473.jpg\" alt=\"\" class=\"wp-image-168\" srcset=\"https:\/\/lamainheureuse.fr\/wp-content\/uploads\/2019\/05\/nuages_recadree-1024x473.jpg 1024w, https:\/\/lamainheureuse.fr\/wp-content\/uploads\/2019\/05\/nuages_recadree-300x139.jpg 300w, https:\/\/lamainheureuse.fr\/wp-content\/uploads\/2019\/05\/nuages_recadree-768x355.jpg 768w\" sizes=\"(max-width: 706px) 89vw, (max-width: 767px) 82vw, 740px\" \/><\/figure>\n\n\n\n<h4 class=\"wp-block-heading\">La Main heureuse, pour qui ?<\/h4>\n\n\n\n<p><strong>Pour les patients, des centres de soins \u00e0 visage plus humain<\/strong><\/p>\n\n\n\n<p>H\u00f4pitaux, cliniques, Ehpad, centres sp\u00e9cialis\u00e9s et centres de convalescence&nbsp;: je propose des soins adapt\u00e9s aux personnes fragilis\u00e9es par l\u2019\u00e2ge, la maladie ou le handicap, mais aussi aux aidants qui les accompagnent pour leur permettre de \u00ab&nbsp;souffler&nbsp;\u00bb le temps d\u2019un massage.<\/p>\n\n\n\n<p>Je suis form\u00e9e au massage des personnes atteintes de cancer et de pathologies d\u00e9g\u00e9n\u00e9ratives. J\u2019accompagne \u00e9galement les personnes r\u00e9cemment hospitalis\u00e9es de retour chez elles. Il est prouv\u00e9 que le massage bien-\u00eatre lib\u00e8re la s\u00e9cr\u00e9tion d\u2019endorphines et diminue douleurs, stress et anxi\u00e9t\u00e9.<\/p>\n\n\n\n<p>Associ\u00e9e \u00e0 l\u2019aromath\u00e9rapie pour une approche plus personnalis\u00e9e, la r\u00e9flexologie plantaire aide \u00e0 soulager de nombreux maux en compl\u00e9ment aux soins conventionnels, notamment sur les soins de confort. Les retours positifs des personnes qui m\u2019ont fait confiance m\u2019encouragent \u00e0 mieux faire conna\u00eetre cette pratique en milieu soignant.<\/p>\n\n\n\n<p><\/p>\n\n\n\n<figure class=\"wp-block-image\"><img loading=\"lazy\" decoding=\"async\" width=\"834\" height=\"382\" src=\"https:\/\/lamainheureuse.fr\/wp-content\/uploads\/2019\/05\/herbe-pelage_recadree.jpg\" alt=\"\" class=\"wp-image-176\" srcset=\"https:\/\/lamainheureuse.fr\/wp-content\/uploads\/2019\/05\/herbe-pelage_recadree.jpg 834w, https:\/\/lamainheureuse.fr\/wp-content\/uploads\/2019\/05\/herbe-pelage_recadree-300x137.jpg 300w, https:\/\/lamainheureuse.fr\/wp-content\/uploads\/2019\/05\/herbe-pelage_recadree-768x352.jpg 768w\" sizes=\"(max-width: 706px) 89vw, (max-width: 767px) 82vw, 740px\" \/><\/figure>\n\n\n\n<p><strong>Pour les soignants, une meilleure qualit\u00e9 de vie au travail<\/strong><\/p>\n\n\n\n<p>Les m\u00e9tiers d\u2019aide et de soin \u00e0 la personne comptent parmi les plus impact\u00e9s par les probl\u00e8mes de mal de dos. Les soignants doivent g\u00e9rer au quotidien la souffrance des patients et une charge de travail toujours plus importante. Cons\u00e9quences : des douleurs chroniques \u2013 maux de dos, de t\u00eate\u2026 \u2013, mais aussi des troubles \u00e9motionnels : stress, fatigue, appr\u00e9hension, probl\u00e8mes de sommeil, de concentration. Proposer aux personnels du soin une parenth\u00e8se de d\u00e9tente, c\u2019est prendre en compte le risque d\u2019\u00e9puisement professionnel.<\/p>\n\n\n\n<p>Selon les disponibilit\u00e9s, je peux installer ma chaise ergonomique dans un service pendant quelques heures et proposer des massages d\u2019une quinzaine de minutes sur r\u00e9servation.<\/p>\n\n\n\n<p>\nJ\u2019interviens\nen \u00e9tablissement sur un temps minimum de 3h. \n<\/p>\n","protected":false},"excerpt":{"rendered":"<p>Le bien-\u00eatre au c\u0153ur du soin La Main heureuse, pour qui ? Pour les patients, des centres de soins \u00e0 visage plus humain H\u00f4pitaux, cliniques, Ehpad, centres sp\u00e9cialis\u00e9s et centres de convalescence&nbsp;: je propose des soins adapt\u00e9s aux personnes fragilis\u00e9es par l\u2019\u00e2ge, la maladie ou le handicap, mais aussi aux aidants qui les accompagnent pour &hellip; <\/p>\n<p class=\"link-more\"><a href=\"https:\/\/lamainheureuse.fr\/?page_id=34\" class=\"more-link\">Continue reading<span class=\"screen-reader-text\"> &#8220;Etablissements de sant\u00e9&#8221;<\/span><\/a><\/p>\n","protected":false},"author":1,"featured_media":0,"parent":0,"menu_order":0,"comment_status":"closed","ping_status":"closed","template":"","meta":{"footnotes":""},"_links":{"self":[{"href":"https:\/\/lamainheureuse.fr\/index.php?rest_route=\/wp\/v2\/pages\/34"}],"collection":[{"href":"https:\/\/lamainheureuse.fr\/index.php?rest_route=\/wp\/v2\/pages"}],"about":[{"href":"https:\/\/lamainheureuse.fr\/index.php?rest_route=\/wp\/v2\/types\/page"}],"author":[{"embeddable":true,"href":"https:\/\/lamainheureuse.fr\/index.php?rest_route=\/wp\/v2\/users\/1"}],"replies":[{"embeddable":true,"href":"https:\/\/lamainheureuse.fr\/index.php?rest_route=%2Fwp%2Fv2%2Fcomments&post=34"}],"version-history":[{"count":24,"href":"https:\/\/lamainheureuse.fr\/index.php?rest_route=\/wp\/v2\/pages\/34\/revisions"}],"predecessor-version":[{"id":378,"href":"https:\/\/lamainheureuse.fr\/index.php?rest_route=\/wp\/v2\/pages\/34\/revisions\/378"}],"wp:attachment":[{"href":"https:\/\/lamainheureuse.fr\/index.php?rest_route=%2Fwp%2Fv2%2Fmedia&parent=34"}],"curies":[{"name":"wp","href":"https:\/\/api.w.org\/{rel}","templated":true}]}}