{"id":37,"date":"2019-05-07T18:25:55","date_gmt":"2019-05-07T18:25:55","guid":{"rendered":"http:\/\/s781847655.onlinehome.fr\/?page_id=37"},"modified":"2019-06-03T09:28:02","modified_gmt":"2019-06-03T09:28:02","slug":"a-la-carte","status":"publish","type":"page","link":"https:\/\/lamainheureuse.fr\/?page_id=37","title":{"rendered":"A la carte"},"content":{"rendered":"\n<figure class=\"wp-block-image\"><img loading=\"lazy\" decoding=\"async\" width=\"640\" height=\"285\" src=\"http:\/\/s781847655.onlinehome.fr\/wp-content\/uploads\/2019\/05\/branches-web_reduite.jpg\" alt=\"\" class=\"wp-image-159\" srcset=\"https:\/\/lamainheureuse.fr\/wp-content\/uploads\/2019\/05\/branches-web_reduite.jpg 640w, https:\/\/lamainheureuse.fr\/wp-content\/uploads\/2019\/05\/branches-web_reduite-300x134.jpg 300w\" sizes=\"(max-width: 640px) 100vw, 640px\" \/><\/figure>\n\n\n\n<p>Mon exp\u00e9rience se nourrit de plusieurs techniques et savoirs : le massage bien-\u00eatre, l\u2019aromath\u00e9rapie et la r\u00e9flexologie plantaire. Je peux les pratiquer ind\u00e9pendamment ou les associer selon le besoin ou la demande.<\/p>\n\n\n\n<p>Le\ntoucher-massage\u00ae et la relaxin\u00e9sie\u00ae sont des variantes du massage\nbien-\u00eatre tr\u00e8s appr\u00e9ci\u00e9es des personnes fragilis\u00e9es.<\/p>\n\n\n\n<h4 class=\"wp-block-heading\">Le massage bien-\u00eatre<\/h4>\n\n\n\n<figure class=\"wp-block-image\"><img loading=\"lazy\" decoding=\"async\" width=\"1000\" height=\"403\" src=\"http:\/\/s781847655.onlinehome.fr\/wp-content\/uploads\/2019\/05\/massagedos.jpg\" alt=\"\" class=\"wp-image-85\" srcset=\"https:\/\/lamainheureuse.fr\/wp-content\/uploads\/2019\/05\/massagedos.jpg 1000w, https:\/\/lamainheureuse.fr\/wp-content\/uploads\/2019\/05\/massagedos-300x121.jpg 300w, https:\/\/lamainheureuse.fr\/wp-content\/uploads\/2019\/05\/massagedos-768x310.jpg 768w\" sizes=\"(max-width: 706px) 89vw, (max-width: 767px) 82vw, 740px\" \/><\/figure>\n\n\n\n<p>Nous sommes accueillis \u00e0 la naissance par des mains bienveillantes pour entrer dans la vie. Le massage bien-\u00eatre est un art ancestral qui d\u00e9tend, apaise, soulage les tensions.  C&#8217;est un massage \u00e0 l&#8217;huile, qui peut \u00eatre pratiqu\u00e9 sur table, sur lit m\u00e9dicalis\u00e9 ou sur chaise ergonomique.  <\/p>\n\n\n\n<h4 class=\"wp-block-heading\"> Toucher-massage\u00ae<\/h4>\n\n\n\n<figure class=\"wp-block-image\"><img loading=\"lazy\" decoding=\"async\" width=\"850\" height=\"245\" src=\"http:\/\/s781847655.onlinehome.fr\/wp-content\/uploads\/2019\/05\/massage-main-web.jpg\" alt=\"\" class=\"wp-image-88\" srcset=\"https:\/\/lamainheureuse.fr\/wp-content\/uploads\/2019\/05\/massage-main-web.jpg 850w, https:\/\/lamainheureuse.fr\/wp-content\/uploads\/2019\/05\/massage-main-web-300x86.jpg 300w, https:\/\/lamainheureuse.fr\/wp-content\/uploads\/2019\/05\/massage-main-web-768x221.jpg 768w\" sizes=\"(max-width: 706px) 89vw, (max-width: 767px) 82vw, 740px\" \/><\/figure>\n\n\n\n<p>Il s\u2019adresse plus aux personnes fragilis\u00e9es par la maladie, l\u2019\u00e2ge ou le handicap. C\u2019est une intention bienveillante qui prend forme gr\u00e2ce \u00e0 l\u2019encha\u00eenement de gestes doux et adapt\u00e9s. Un simple massage de la main suffit parfois \u00e0 procurer une d\u00e9tente profonde.<\/p>\n\n\n\n<h4 class=\"wp-block-heading\"> La relaxin\u00e9sie<\/h4>\n\n\n\n<figure class=\"wp-block-image\"><img loading=\"lazy\" decoding=\"async\" width=\"1024\" height=\"615\" src=\"https:\/\/lamainheureuse.fr\/wp-content\/uploads\/2019\/05\/relax_recadree-1024x615.jpg\" alt=\"\" class=\"wp-image-202\" srcset=\"https:\/\/lamainheureuse.fr\/wp-content\/uploads\/2019\/05\/relax_recadree-1024x615.jpg 1024w, https:\/\/lamainheureuse.fr\/wp-content\/uploads\/2019\/05\/relax_recadree-300x180.jpg 300w, https:\/\/lamainheureuse.fr\/wp-content\/uploads\/2019\/05\/relax_recadree-768x461.jpg 768w, https:\/\/lamainheureuse.fr\/wp-content\/uploads\/2019\/05\/relax_recadree-2000x1200.jpg 2000w\" sizes=\"(max-width: 706px) 89vw, (max-width: 767px) 82vw, 740px\" \/><\/figure>\n\n\n\n<p>C&#8217;est une variante habill\u00e9e du massage bien-\u00eatre, visant \u00e0 d\u00e9contracter \u00e0 la fois les articulations et les muscles. Un encha\u00eenement doux de l\u00e2cher-prise, mobilisations et \u00e9tirements progressifs fait le succ\u00e8s de cette technique tr\u00e8s adapt\u00e9e \u00e0 la personne fragilis\u00e9e. <\/p>\n\n\n\n<h4 class=\"wp-block-heading\">R\u00e9flexologie plantaire<\/h4>\n\n\n\n<figure class=\"wp-block-image\"><img loading=\"lazy\" decoding=\"async\" width=\"633\" height=\"380\" src=\"http:\/\/s781847655.onlinehome.fr\/wp-content\/uploads\/2019\/05\/re\u0301flexo-pied.jpg\" alt=\"\" class=\"wp-image-93\" srcset=\"https:\/\/lamainheureuse.fr\/wp-content\/uploads\/2019\/05\/re\u0301flexo-pied.jpg 633w, https:\/\/lamainheureuse.fr\/wp-content\/uploads\/2019\/05\/re\u0301flexo-pied-300x180.jpg 300w\" sizes=\"(max-width: 633px) 100vw, 633px\" \/><\/figure>\n\n\n\n<p>\u00ab\u2009<em>Le sourire vient du pied<\/em>\u00bb, dit un proverbe chinois. La r\u00e9flexologie plantaire soutient notre sant\u00e9 par des pressions manuelles exerc\u00e9es sur les pieds, miroir de notre corps. En \u00e9quilibrant les flux d\u2019\u00e9nergie, elle harmonise les fonctions vitales et diminue les effets du stress.<\/p>\n\n\n\n<h4 class=\"wp-block-heading\">L\u2019aromath\u00e9rapie<\/h4>\n\n\n\n<div class=\"wp-block-image\"><figure class=\"alignleft is-resized\"><img loading=\"lazy\" decoding=\"async\" src=\"https:\/\/lamainheureuse.fr\/wp-content\/uploads\/2019\/06\/aroma-web2.jpg\" alt=\"\" class=\"wp-image-230\" width=\"634\" height=\"390\" srcset=\"https:\/\/lamainheureuse.fr\/wp-content\/uploads\/2019\/06\/aroma-web2.jpg 507w, https:\/\/lamainheureuse.fr\/wp-content\/uploads\/2019\/06\/aroma-web2-300x185.jpg 300w\" sizes=\"(max-width: 634px) 100vw, 634px\" \/><\/figure><\/div>\n\n\n\n<p><\/p>\n\n\n\n<p>L\u2019aromath\u00e9rapie utilise les huiles essentielles dans un but th\u00e9rapeutique, de confort ou de bien-\u00eatre. Avec une huile de massage, en olfaction ou en diffusion, elles favorisent la d\u00e9tente et soulagent les tensions physiques et psychiques. Elles ne se substituent pas \u00e0 un traitement m\u00e9dical.  <\/p>\n","protected":false},"excerpt":{"rendered":"<p>Mon exp\u00e9rience se nourrit de plusieurs techniques et savoirs : le massage bien-\u00eatre, l\u2019aromath\u00e9rapie et la r\u00e9flexologie plantaire. Je peux les pratiquer ind\u00e9pendamment ou les associer selon le besoin ou la demande. Le toucher-massage\u00ae et la relaxin\u00e9sie\u00ae sont des variantes du massage bien-\u00eatre tr\u00e8s appr\u00e9ci\u00e9es des personnes fragilis\u00e9es. Le massage bien-\u00eatre Nous sommes accueillis \u00e0 &hellip; <\/p>\n<p class=\"link-more\"><a href=\"https:\/\/lamainheureuse.fr\/?page_id=37\" class=\"more-link\">Continue reading<span class=\"screen-reader-text\"> &#8220;A la carte&#8221;<\/span><\/a><\/p>\n","protected":false},"author":1,"featured_media":0,"parent":0,"menu_order":0,"comment_status":"closed","ping_status":"closed","template":"","meta":{"footnotes":""},"_links":{"self":[{"href":"https:\/\/lamainheureuse.fr\/index.php?rest_route=\/wp\/v2\/pages\/37"}],"collection":[{"href":"https:\/\/lamainheureuse.fr\/index.php?rest_route=\/wp\/v2\/pages"}],"about":[{"href":"https:\/\/lamainheureuse.fr\/index.php?rest_route=\/wp\/v2\/types\/page"}],"author":[{"embeddable":true,"href":"https:\/\/lamainheureuse.fr\/index.php?rest_route=\/wp\/v2\/users\/1"}],"replies":[{"embeddable":true,"href":"https:\/\/lamainheureuse.fr\/index.php?rest_route=%2Fwp%2Fv2%2Fcomments&post=37"}],"version-history":[{"count":25,"href":"https:\/\/lamainheureuse.fr\/index.php?rest_route=\/wp\/v2\/pages\/37\/revisions"}],"predecessor-version":[{"id":238,"href":"https:\/\/lamainheureuse.fr\/index.php?rest_route=\/wp\/v2\/pages\/37\/revisions\/238"}],"wp:attachment":[{"href":"https:\/\/lamainheureuse.fr\/index.php?rest_route=%2Fwp%2Fv2%2Fmedia&parent=37"}],"curies":[{"name":"wp","href":"https:\/\/api.w.org\/{rel}","templated":true}]}}