{"id":39,"date":"2019-05-07T18:26:09","date_gmt":"2019-05-07T18:26:09","guid":{"rendered":"http:\/\/s781847655.onlinehome.fr\/?page_id=39"},"modified":"2019-06-03T08:41:23","modified_gmt":"2019-06-03T08:41:23","slug":"en-entreprise","status":"publish","type":"page","link":"https:\/\/lamainheureuse.fr\/?page_id=39","title":{"rendered":"Entreprises"},"content":{"rendered":"\n<figure class=\"wp-block-image\"><img loading=\"lazy\" decoding=\"async\" width=\"591\" height=\"278\" src=\"http:\/\/s781847655.onlinehome.fr\/wp-content\/uploads\/2019\/05\/herbes-vent-web_reduite.jpg\" alt=\"\" class=\"wp-image-153\" srcset=\"https:\/\/lamainheureuse.fr\/wp-content\/uploads\/2019\/05\/herbes-vent-web_reduite.jpg 591w, https:\/\/lamainheureuse.fr\/wp-content\/uploads\/2019\/05\/herbes-vent-web_reduite-300x141.jpg 300w\" sizes=\"(max-width: 591px) 100vw, 591px\" \/><\/figure>\n\n\n\n<p>Le\nmal de dos impacte la sant\u00e9 de deux salari\u00e9s sur trois (source IRNS\nSant\u00e9 et s\u00e9curit\u00e9 au travail). Les\ncauses sont le plus souvent multiples, et l\u2019activit\u00e9\nprofessionnelle peut comporter des facteurs de risques&nbsp;: port de\ncharges mais aussi organisation du travail et stress.<\/p>\n\n\n\n<p>Le\nmassage en entreprise est parfaitement adapt\u00e9 au contexte\nprofessionnel. Il r\u00e9pond \u00e0 un besoin de d\u00e9tente et de\nconvivialit\u00e9, et&nbsp;a\nsu convaincre de nombreux responsables par ses bienfaits imm\u00e9diats\nsur le&nbsp;bien-\u00eatre\ndes salari\u00e9s.<\/p>\n\n\n\n<p>Au-del\u00e0 de la d\u00e9contraction visible, les s\u00e9ances de massages en entreprise : <br>&#8211; sont utiles \u00e0\u00a0la pr\u00e9vention du stress <br>&#8211; cr\u00e9ent du lien entre les salari\u00e9s <br>&#8211; participent \u00e0 la motivation des \u00e9quipes <br>&#8211; renforcent le sentiment d\u2019appartenance \u00e0 l\u2019entreprise<\/p>\n\n\n\n<p>Pour\nles responsables, cette initiative t\u00e9moigne d\u2019une volont\u00e9\nd\u2019am\u00e9liorer la qualit\u00e9 de vie au travail et valorise l\u2019image de\nl\u2019entreprise aupr\u00e8s des\nsalari\u00e9s, mais aussi des clients et partenaires.<\/p>\n\n\n\n<h4 class=\"wp-block-heading\">Le massage assis minute<\/h4>\n\n\n\n<figure class=\"wp-block-image\"><img loading=\"lazy\" decoding=\"async\" width=\"1024\" height=\"589\" src=\"https:\/\/lamainheureuse.fr\/wp-content\/uploads\/2019\/05\/chaise_recadree-1024x589.jpg\" alt=\"\" class=\"wp-image-181\" srcset=\"https:\/\/lamainheureuse.fr\/wp-content\/uploads\/2019\/05\/chaise_recadree-1024x589.jpg 1024w, https:\/\/lamainheureuse.fr\/wp-content\/uploads\/2019\/05\/chaise_recadree-300x173.jpg 300w, https:\/\/lamainheureuse.fr\/wp-content\/uploads\/2019\/05\/chaise_recadree-768x442.jpg 768w\" sizes=\"(max-width: 706px) 89vw, (max-width: 767px) 82vw, 740px\" \/><\/figure>\n\n\n\n<p>Un\nmassage bien-\u00eatre sur chaise ergonomique d\u2019une quinzaine de\nminutes apporte une d\u00e9tente imm\u00e9diate, profonde et durable. Il se\ncompose d\u2019une phase de\nd\u00e9tente\nsuivie\nd\u2019une&nbsp;phase de&nbsp;dynamisation.\nEn moyenne, trois salari\u00e9s peuvent en b\u00e9n\u00e9ficier en 1 heure.<\/p>\n\n\n\n<p>Je\npratique aussi sur une dizaine de minutes ce massage en \u00e9v\u00e9nementiel\n(salons, congr\u00e8s, journ\u00e9es th\u00e9matiques). C\u2019est un outil\nde communication original qui permet aux entreprises souhaitant\naugmenter leur visibilit\u00e9 de laisser un souvenir agr\u00e9able \u00e0 leurs\nvisiteurs et clients.<\/p>\n\n\n\n<h4 class=\"wp-block-heading\">La relaxin\u00e9sie\u00ae<\/h4>\n\n\n\n<figure class=\"wp-block-image\"><img loading=\"lazy\" decoding=\"async\" width=\"1024\" height=\"648\" src=\"https:\/\/lamainheureuse.fr\/wp-content\/uploads\/2019\/05\/visage_recadree-1024x648.jpg\" alt=\"\" class=\"wp-image-179\" srcset=\"https:\/\/lamainheureuse.fr\/wp-content\/uploads\/2019\/05\/visage_recadree-1024x648.jpg 1024w, https:\/\/lamainheureuse.fr\/wp-content\/uploads\/2019\/05\/visage_recadree-300x190.jpg 300w, https:\/\/lamainheureuse.fr\/wp-content\/uploads\/2019\/05\/visage_recadree-768x486.jpg 768w\" sizes=\"(max-width: 706px) 89vw, (max-width: 767px) 82vw, 740px\" \/><\/figure>\n\n\n\n<p>Ce\nmassage de d\u00e9tente articulaire et musculaire profonde se pratique\nhabill\u00e9 et sur table. La s\u00e9ance dure une trentaine de minutes.<\/p>\n\n\n\n<h4 class=\"wp-block-heading\">Le massage \u00e0 l\u2019huile sur table<\/h4>\n\n\n\n<figure class=\"wp-block-image\"><img loading=\"lazy\" decoding=\"async\" width=\"1000\" height=\"403\" src=\"http:\/\/s781847655.onlinehome.fr\/wp-content\/uploads\/2019\/05\/massagedos-1.jpg\" alt=\"\" class=\"wp-image-112\" srcset=\"https:\/\/lamainheureuse.fr\/wp-content\/uploads\/2019\/05\/massagedos-1.jpg 1000w, https:\/\/lamainheureuse.fr\/wp-content\/uploads\/2019\/05\/massagedos-1-300x121.jpg 300w, https:\/\/lamainheureuse.fr\/wp-content\/uploads\/2019\/05\/massagedos-1-768x310.jpg 768w\" sizes=\"(max-width: 706px) 89vw, (max-width: 767px) 82vw, 740px\" \/><\/figure>\n\n\n\n<p>Sur\nla m\u00eame dur\u00e9e, je propose aussi un massage sectoriel \u00e0 l\u2019huile\ndu dos, des jambes, des bras ou du visage. Pour une demande\nparticuli\u00e8re (douleur, stress, g\u00eane respiratoire\u2026), je peux\najouter quelques gouttes d\u2019une huile essentielle sp\u00e9cifique.<\/p>\n","protected":false},"excerpt":{"rendered":"<p>Le mal de dos impacte la sant\u00e9 de deux salari\u00e9s sur trois (source IRNS Sant\u00e9 et s\u00e9curit\u00e9 au travail). Les causes sont le plus souvent multiples, et l\u2019activit\u00e9 professionnelle peut comporter des facteurs de risques&nbsp;: port de charges mais aussi organisation du travail et stress. Le massage en entreprise est parfaitement adapt\u00e9 au contexte professionnel. &hellip; <\/p>\n<p class=\"link-more\"><a href=\"https:\/\/lamainheureuse.fr\/?page_id=39\" class=\"more-link\">Continue reading<span class=\"screen-reader-text\"> &#8220;Entreprises&#8221;<\/span><\/a><\/p>\n","protected":false},"author":1,"featured_media":0,"parent":0,"menu_order":0,"comment_status":"closed","ping_status":"closed","template":"","meta":{"footnotes":""},"_links":{"self":[{"href":"https:\/\/lamainheureuse.fr\/index.php?rest_route=\/wp\/v2\/pages\/39"}],"collection":[{"href":"https:\/\/lamainheureuse.fr\/index.php?rest_route=\/wp\/v2\/pages"}],"about":[{"href":"https:\/\/lamainheureuse.fr\/index.php?rest_route=\/wp\/v2\/types\/page"}],"author":[{"embeddable":true,"href":"https:\/\/lamainheureuse.fr\/index.php?rest_route=\/wp\/v2\/users\/1"}],"replies":[{"embeddable":true,"href":"https:\/\/lamainheureuse.fr\/index.php?rest_route=%2Fwp%2Fv2%2Fcomments&post=39"}],"version-history":[{"count":13,"href":"https:\/\/lamainheureuse.fr\/index.php?rest_route=\/wp\/v2\/pages\/39\/revisions"}],"predecessor-version":[{"id":228,"href":"https:\/\/lamainheureuse.fr\/index.php?rest_route=\/wp\/v2\/pages\/39\/revisions\/228"}],"wp:attachment":[{"href":"https:\/\/lamainheureuse.fr\/index.php?rest_route=%2Fwp%2Fv2%2Fmedia&parent=39"}],"curies":[{"name":"wp","href":"https:\/\/api.w.org\/{rel}","templated":true}]}}